{"id":48,"date":"2025-06-04T10:52:59","date_gmt":"2025-06-04T10:52:59","guid":{"rendered":"https:\/\/rp-teollisuuspalvelu.fi\/?page_id=48"},"modified":"2025-11-14T12:38:24","modified_gmt":"2025-11-14T12:38:24","slug":"ota-yhteytta","status":"publish","type":"page","link":"https:\/\/rp-teollisuuspalvelu.fi\/index.php\/ota-yhteytta\/","title":{"rendered":"OTA YHTEYTT\u00c4"},"content":{"rendered":"<div class=\"wpforms-container wpforms-container-full wpforms-block wpforms-block-f6c1e3c1-887f-403b-8552-5a17eead37b0 wpforms-render-modern\" id=\"wpforms-171\"><form id=\"wpforms-form-171\" class=\"wpforms-validate wpforms-form wpforms-ajax-form\" data-formid=\"171\" method=\"post\" enctype=\"multipart\/form-data\" action=\"\/index.php\/wp-json\/wp\/v2\/pages\/48\" data-token=\"86c8e31a56dfcb869c47db3116afa93d\" data-token-time=\"1777590789\"><noscript class=\"wpforms-error-noscript\">Please enable JavaScript in your browser to complete this form.<\/noscript><div class=\"wpforms-hidden\" id=\"wpforms-error-noscript\">Please enable JavaScript in your browser to complete this form.<\/div><div class=\"wpforms-field-container\"><div id=\"wpforms-171-field_1-container\" class=\"wpforms-field wpforms-field-name\" data-field-id=\"1\"><label class=\"wpforms-field-label\" for=\"wpforms-171-field_1\">Nimi <span class=\"wpforms-required-label\" aria-hidden=\"true\">*<\/span><\/label><input type=\"text\" id=\"wpforms-171-field_1\" class=\"wpforms-field-medium wpforms-field-required\" name=\"wpforms[fields][1]\" aria-errormessage=\"wpforms-171-field_1-error\" required><\/div><div id=\"wpforms-171-field_5-container\" class=\"wpforms-field wpforms-field-name\" data-field-id=\"5\"><label class=\"wpforms-field-label\" for=\"wpforms-171-field_5\">Puhelin <span class=\"wpforms-required-label\" aria-hidden=\"true\">*<\/span><\/label><input type=\"text\" id=\"wpforms-171-field_5\" class=\"wpforms-field-medium wpforms-field-required\" name=\"wpforms[fields][5]\" aria-errormessage=\"wpforms-171-field_5-error\" required><\/div><div id=\"wpforms-171-field_2-container\" class=\"wpforms-field wpforms-field-email\" data-field-id=\"2\"><label class=\"wpforms-field-label\" for=\"wpforms-171-field_2\">S\u00e4hk\u00f6posti <span class=\"wpforms-required-label\" aria-hidden=\"true\">*<\/span><\/label><input type=\"email\" id=\"wpforms-171-field_2\" class=\"wpforms-field-medium wpforms-field-required\" name=\"wpforms[fields][2]\" spellcheck=\"false\" aria-errormessage=\"wpforms-171-field_2-error\" required><\/div><div id=\"wpforms-171-field_3-container\" class=\"wpforms-field wpforms-field-textarea\" data-field-id=\"3\"><label class=\"wpforms-field-label\" for=\"wpforms-171-field_3\">Viesti<\/label><textarea id=\"wpforms-171-field_3\" class=\"wpforms-field-medium\" name=\"wpforms[fields][3]\" aria-errormessage=\"wpforms-171-field_3-error\" ><\/textarea><\/div><\/div><!-- .wpforms-field-container --><div class=\"wpforms-submit-container\" ><input type=\"hidden\" name=\"wpforms[id]\" value=\"171\"><input type=\"hidden\" name=\"page_title\" value=\"\"><input type=\"hidden\" name=\"page_url\" value=\"https:\/\/rp-teollisuuspalvelu.fi\/index.php\/wp-json\/wp\/v2\/pages\/48\"><input type=\"hidden\" name=\"url_referer\" value=\"\"><button type=\"submit\" name=\"wpforms[submit]\" id=\"wpforms-submit-171\" class=\"wpforms-submit\" data-alt-text=\"L\u00e4hett\u00e4\u00e4...\" data-submit-text=\"L\u00e4het\u00e4\" aria-live=\"assertive\" value=\"wpforms-submit\">L\u00e4het\u00e4<\/button><img loading=\"lazy\" decoding=\"async\" src=\"https:\/\/rp-teollisuuspalvelu.fi\/wp-content\/plugins\/wpforms-lite\/assets\/images\/submit-spin.svg\" class=\"wpforms-submit-spinner\" style=\"display: none;\" width=\"26\" height=\"26\" alt=\"Loading\"><\/div><\/form><\/div>  <!-- .wpforms-container -->\n\n\n<div class=\"wp-block-cover\" style=\"min-height:493px;aspect-ratio:unset;\"><span aria-hidden=\"true\" class=\"wp-block-cover__background has-background-dim-100 has-background-dim\" style=\"background-color:#626a74\"><\/span><div class=\"wp-block-cover__inner-container has-global-padding is-layout-constrained wp-block-cover-is-layout-constrained\">\n<div class=\"wp-block-media-text has-media-on-the-right is-stacked-on-mobile has-medium-font-size\" style=\"grid-template-columns:auto 30%\"><div class=\"wp-block-media-text__content\">\n<h2 class=\"wp-block-heading\">Kari-Matti Ruhanen<\/h2>\n\n\n\n<p class=\"has-medium-font-size\">puh. 0400 167 851<\/p>\n\n\n\n<p><a class=\"nonblock\" href=\"mailto:karimatti.ruhanen@rp-teollisuuspalvelu.fi\"><span id=\"u8351-5\">karimatti.ruhanen@rp-teollisuuspalvelu.fi<\/span><\/a><\/p>\n<\/div><figure class=\"wp-block-media-text__media\"><img loading=\"lazy\" decoding=\"async\" width=\"300\" height=\"300\" src=\"https:\/\/rp-teollisuuspalvelu.fi\/wp-content\/uploads\/2025\/06\/ruhanen1-300x300.jpg\" alt=\"\" class=\"wp-image-12 size-full\" srcset=\"https:\/\/rp-teollisuuspalvelu.fi\/wp-content\/uploads\/2025\/06\/ruhanen1-300x300.jpg 300w, https:\/\/rp-teollisuuspalvelu.fi\/wp-content\/uploads\/2025\/06\/ruhanen1-1024x1024.jpg 1024w, https:\/\/rp-teollisuuspalvelu.fi\/wp-content\/uploads\/2025\/06\/ruhanen1-150x150.jpg 150w, https:\/\/rp-teollisuuspalvelu.fi\/wp-content\/uploads\/2025\/06\/ruhanen1-768x768.jpg 768w, https:\/\/rp-teollisuuspalvelu.fi\/wp-content\/uploads\/2025\/06\/ruhanen1-1536x1536.jpg 1536w, https:\/\/rp-teollisuuspalvelu.fi\/wp-content\/uploads\/2025\/06\/ruhanen1-2048x2048.jpg 2048w\" sizes=\"auto, (max-width: 300px) 100vw, 300px\" \/><\/figure><\/div>\n\n\n\n<p class=\"has-text-align-center has-large-font-size\">&nbsp;<\/p>\n\n\n\n<div class=\"wp-block-media-text has-media-on-the-right is-stacked-on-mobile has-medium-font-size\" style=\"grid-template-columns:auto 30%\"><div class=\"wp-block-media-text__content\">\n<h2 class=\"wp-block-heading\">Markku Pesonen<\/h2>\n\n\n\n<p class=\"has-medium-font-size\">puh. 040 543 2277<\/p>\n\n\n\n<p class=\"has-medium-font-size\"><a class=\"nonblock\" href=\"mailto:markku.pesonen@rp-teollisuuspalvelu.fi\"><span id=\"u8363-5\">markku.pesonen@rp-teollisuuspalvelu.fi<\/span><\/a><\/p>\n<\/div><figure class=\"wp-block-media-text__media\"><img loading=\"lazy\" decoding=\"async\" width=\"300\" height=\"300\" src=\"https:\/\/rp-teollisuuspalvelu.fi\/wp-content\/uploads\/2025\/06\/pesonen1-300x300.jpg\" alt=\"\" class=\"wp-image-11 size-full\" srcset=\"https:\/\/rp-teollisuuspalvelu.fi\/wp-content\/uploads\/2025\/06\/pesonen1-300x300.jpg 300w, https:\/\/rp-teollisuuspalvelu.fi\/wp-content\/uploads\/2025\/06\/pesonen1-1024x1024.jpg 1024w, https:\/\/rp-teollisuuspalvelu.fi\/wp-content\/uploads\/2025\/06\/pesonen1-150x150.jpg 150w, https:\/\/rp-teollisuuspalvelu.fi\/wp-content\/uploads\/2025\/06\/pesonen1-768x768.jpg 768w, https:\/\/rp-teollisuuspalvelu.fi\/wp-content\/uploads\/2025\/06\/pesonen1-1536x1536.jpg 1536w, https:\/\/rp-teollisuuspalvelu.fi\/wp-content\/uploads\/2025\/06\/pesonen1-2048x2048.jpg 2048w\" sizes=\"auto, (max-width: 300px) 100vw, 300px\" \/><\/figure><\/div>\n\n\n\n<p class=\"has-text-align-center has-large-font-size\">&nbsp;<\/p>\n\n\n\n<div class=\"wp-block-media-text has-media-on-the-right is-stacked-on-mobile\" style=\"grid-template-columns:auto 30%\"><div class=\"wp-block-media-text__content\">\n<h2 class=\"wp-block-heading\">Markus M\u00e4kinen<\/h2>\n\n\n\n<p class=\"has-medium-font-size\">puh. 040 845 1036<\/p>\n\n\n\n<p class=\"has-medium-font-size\"><a class=\"nonblock\" href=\"mailto:karimatti.ruhanen@rp-teollisuuspalvelu.fi\"><span id=\"u8611-5\">markus.makinen@rp-teollisuuspalvelu.fi<\/span><\/a><\/p>\n<\/div><figure class=\"wp-block-media-text__media\"><img loading=\"lazy\" decoding=\"async\" width=\"300\" height=\"300\" src=\"https:\/\/rp-teollisuuspalvelu.fi\/wp-content\/uploads\/2025\/06\/markus_makinen-300x300.jpg\" alt=\"\" class=\"wp-image-8 size-full\" srcset=\"https:\/\/rp-teollisuuspalvelu.fi\/wp-content\/uploads\/2025\/06\/markus_makinen-300x300.jpg 300w, https:\/\/rp-teollisuuspalvelu.fi\/wp-content\/uploads\/2025\/06\/markus_makinen-1024x1024.jpg 1024w, https:\/\/rp-teollisuuspalvelu.fi\/wp-content\/uploads\/2025\/06\/markus_makinen-150x150.jpg 150w, https:\/\/rp-teollisuuspalvelu.fi\/wp-content\/uploads\/2025\/06\/markus_makinen-768x768.jpg 768w, https:\/\/rp-teollisuuspalvelu.fi\/wp-content\/uploads\/2025\/06\/markus_makinen.jpg 1280w\" sizes=\"auto, (max-width: 300px) 100vw, 300px\" \/><\/figure><\/div>\n\n\n\n<p class=\"has-text-align-center has-large-font-size\"><\/p>\n<\/div><\/div>\n\n\n\n<figure class=\"wp-block-image size-large\"><img loading=\"lazy\" decoding=\"async\" width=\"1024\" height=\"550\" src=\"https:\/\/rp-teollisuuspalvelu.fi\/wp-content\/uploads\/2025\/11\/IMG_2033-1024x550.jpg\" alt=\"\" class=\"wp-image-303\" srcset=\"https:\/\/rp-teollisuuspalvelu.fi\/wp-content\/uploads\/2025\/11\/IMG_2033-1024x550.jpg 1024w, https:\/\/rp-teollisuuspalvelu.fi\/wp-content\/uploads\/2025\/11\/IMG_2033-300x161.jpg 300w, https:\/\/rp-teollisuuspalvelu.fi\/wp-content\/uploads\/2025\/11\/IMG_2033-768x412.jpg 768w, https:\/\/rp-teollisuuspalvelu.fi\/wp-content\/uploads\/2025\/11\/IMG_2033-1536x825.jpg 1536w, https:\/\/rp-teollisuuspalvelu.fi\/wp-content\/uploads\/2025\/11\/IMG_2033.jpg 1600w\" sizes=\"auto, (max-width: 1024px) 100vw, 1024px\" \/><\/figure>\n\n\n<p><iframe loading=\"lazy\" style=\"border: 0;\" src=\"https:\/\/www.google.com\/maps\/embed?pb=!1m18!1m12!1m3!1d3550.8909071652747!2d27.186968576984203!3d63.57704126407886!2m3!1f0!2f0!3f0!3m2!1i1024!2i768!4f13.1!3m3!1m2!1s0x46839e103f4d7d41%3A0x721fa1a7f85600db!2sRP-Teollisuuspalvelu!5e0!3m2!1sfi!2sfi!4v1749064632640!5m2!1sfi!2sfi\" width=\"100%\" height=\"450\" allowfullscreen=\"allowfullscreen\"><span data-mce-type=\"bookmark\" style=\"display: inline-block; width: 0px; overflow: hidden; line-height: 0;\" class=\"mce_SELRES_end\">\ufeff<\/span><\/iframe><\/p>","protected":false},"excerpt":{"rendered":"<p>\ufeff<\/p>\n","protected":false},"author":1,"featured_media":0,"parent":0,"menu_order":0,"comment_status":"closed","ping_status":"closed","template":"","meta":{"footnotes":""},"class_list":["post-48","page","type-page","status-publish","hentry"],"_links":{"self":[{"href":"https:\/\/rp-teollisuuspalvelu.fi\/index.php\/wp-json\/wp\/v2\/pages\/48","targetHints":{"allow":["GET"]}}],"collection":[{"href":"https:\/\/rp-teollisuuspalvelu.fi\/index.php\/wp-json\/wp\/v2\/pages"}],"about":[{"href":"https:\/\/rp-teollisuuspalvelu.fi\/index.php\/wp-json\/wp\/v2\/types\/page"}],"author":[{"embeddable":true,"href":"https:\/\/rp-teollisuuspalvelu.fi\/index.php\/wp-json\/wp\/v2\/users\/1"}],"replies":[{"embeddable":true,"href":"https:\/\/rp-teollisuuspalvelu.fi\/index.php\/wp-json\/wp\/v2\/comments?post=48"}],"version-history":[{"count":30,"href":"https:\/\/rp-teollisuuspalvelu.fi\/index.php\/wp-json\/wp\/v2\/pages\/48\/revisions"}],"predecessor-version":[{"id":308,"href":"https:\/\/rp-teollisuuspalvelu.fi\/index.php\/wp-json\/wp\/v2\/pages\/48\/revisions\/308"}],"wp:attachment":[{"href":"https:\/\/rp-teollisuuspalvelu.fi\/index.php\/wp-json\/wp\/v2\/media?parent=48"}],"curies":[{"name":"wp","href":"https:\/\/api.w.org\/{rel}","templated":true}]}}