{"id":6,"date":"2025-06-04T10:35:58","date_gmt":"2025-06-04T10:35:58","guid":{"rendered":"https:\/\/rp-teollisuuspalvelu.fi\/?page_id=6"},"modified":"2025-06-05T12:44:20","modified_gmt":"2025-06-05T12:44:20","slug":"etusivu","status":"publish","type":"page","link":"https:\/\/rp-teollisuuspalvelu.fi\/","title":{"rendered":"ETUSIVU"},"content":{"rendered":"\n<blockquote class=\"wp-block-quote is-layout-flow wp-block-quote-is-layout-flow\">\n<p>RP-Teollisuuspalvelu Oy on perustettu 2001. Silloin aloitimme muovinrouhinnalla ja kunnossapitokoneistuksilla. Vuodesta 2002 olemme olleet tukena OLVI Oyj:n kunnossapidossa ja asentamassa uusia tuotantolinjoja.<br><\/p>\n<\/blockquote>\n\n\n\n<p>Palvelumme on asiakasl\u00e4ht\u00f6ist\u00e4, yritt\u00e4j\u00e4vetoista ja joustavaa. Meilt\u00e4 asiakas saa tarvittaessa kokonaisvaltaisen palvelun tuotantoonsa ja yksitt\u00e4iset palvelut pieniinkin tarpeisiin.<\/p>\n\n\n\n<div style=\"height:35px\" aria-hidden=\"true\" class=\"wp-block-spacer\"><\/div>\n\n\n\n<h2 class=\"wp-block-heading\">Palvelut<\/h2>\n\n\n\n<div class=\"wp-block-media-text is-stacked-on-mobile is-vertically-aligned-center\"><figure class=\"wp-block-media-text__media\"><img loading=\"lazy\" decoding=\"async\" width=\"1024\" height=\"683\" src=\"https:\/\/rp-teollisuuspalvelu.fi\/wp-content\/uploads\/2025\/06\/rp-teollisuuspalvelu_07-1024x683.jpg\" alt=\"\" class=\"wp-image-33 size-full\" srcset=\"https:\/\/rp-teollisuuspalvelu.fi\/wp-content\/uploads\/2025\/06\/rp-teollisuuspalvelu_07-1024x683.jpg 1024w, https:\/\/rp-teollisuuspalvelu.fi\/wp-content\/uploads\/2025\/06\/rp-teollisuuspalvelu_07-300x200.jpg 300w, https:\/\/rp-teollisuuspalvelu.fi\/wp-content\/uploads\/2025\/06\/rp-teollisuuspalvelu_07-768x512.jpg 768w, https:\/\/rp-teollisuuspalvelu.fi\/wp-content\/uploads\/2025\/06\/rp-teollisuuspalvelu_07.jpg 1200w\" sizes=\"auto, (max-width: 1024px) 100vw, 1024px\" \/><\/figure><div class=\"wp-block-media-text__content\">\n<div class=\"wp-block-buttons is-content-justification-center is-layout-flex wp-container-core-buttons-is-layout-1fb448e7 wp-block-buttons-is-layout-flex\">\n<div class=\"wp-block-button is-style-outline is-style-outline--1\"><a class=\"wp-block-button__link wp-element-button\" href=\"https:\/\/rp-teollisuuspalvelu.fi\/index.php\/koneistus-hitsaus\/\" style=\"border-style:none;border-width:0px;border-radius:0px\">Koneistus ja hitsaus<\/a><\/div>\n<\/div>\n<\/div><\/div>\n\n\n\n<div class=\"wp-block-media-text has-media-on-the-right is-stacked-on-mobile\"><div class=\"wp-block-media-text__content\">\n<div class=\"wp-block-buttons is-content-justification-center is-layout-flex wp-container-core-buttons-is-layout-a89b3969 wp-block-buttons-is-layout-flex\">\n<div class=\"wp-block-button is-style-outline is-style-outline--2\"><a class=\"wp-block-button__link wp-element-button\" href=\"https:\/\/rp-teollisuuspalvelu.fi\/index.php\/70-2\/\" style=\"border-style:none;border-width:0px;border-radius:0px\">Kurottajapalvelut<\/a><\/div>\n<\/div>\n<\/div><figure class=\"wp-block-media-text__media\"><img loading=\"lazy\" decoding=\"async\" width=\"1024\" height=\"683\" src=\"https:\/\/rp-teollisuuspalvelu.fi\/wp-content\/uploads\/2025\/06\/rp-teollisuuspalvelu_08-1024x683.jpg\" alt=\"\" class=\"wp-image-34 size-full\" srcset=\"https:\/\/rp-teollisuuspalvelu.fi\/wp-content\/uploads\/2025\/06\/rp-teollisuuspalvelu_08-1024x683.jpg 1024w, https:\/\/rp-teollisuuspalvelu.fi\/wp-content\/uploads\/2025\/06\/rp-teollisuuspalvelu_08-300x200.jpg 300w, https:\/\/rp-teollisuuspalvelu.fi\/wp-content\/uploads\/2025\/06\/rp-teollisuuspalvelu_08-768x512.jpg 768w, https:\/\/rp-teollisuuspalvelu.fi\/wp-content\/uploads\/2025\/06\/rp-teollisuuspalvelu_08-1536x1024.jpg 1536w, https:\/\/rp-teollisuuspalvelu.fi\/wp-content\/uploads\/2025\/06\/rp-teollisuuspalvelu_08.jpg 1740w\" sizes=\"auto, (max-width: 1024px) 100vw, 1024px\" \/><\/figure><\/div>\n\n\n\n<div class=\"wp-block-media-text is-stacked-on-mobile\"><figure class=\"wp-block-media-text__media\"><img loading=\"lazy\" decoding=\"async\" width=\"1024\" height=\"768\" src=\"https:\/\/rp-teollisuuspalvelu.fi\/wp-content\/uploads\/2025\/06\/Sailion-asennus-1024x768.jpg\" alt=\"\" class=\"wp-image-21 size-full\" srcset=\"https:\/\/rp-teollisuuspalvelu.fi\/wp-content\/uploads\/2025\/06\/Sailion-asennus-1024x768.jpg 1024w, https:\/\/rp-teollisuuspalvelu.fi\/wp-content\/uploads\/2025\/06\/Sailion-asennus-300x225.jpg 300w, https:\/\/rp-teollisuuspalvelu.fi\/wp-content\/uploads\/2025\/06\/Sailion-asennus-768x576.jpg 768w, https:\/\/rp-teollisuuspalvelu.fi\/wp-content\/uploads\/2025\/06\/Sailion-asennus-1536x1152.jpg 1536w, https:\/\/rp-teollisuuspalvelu.fi\/wp-content\/uploads\/2025\/06\/Sailion-asennus-2048x1536.jpg 2048w\" sizes=\"auto, (max-width: 1024px) 100vw, 1024px\" \/><\/figure><div class=\"wp-block-media-text__content\">\n<div class=\"wp-block-buttons is-content-justification-center is-layout-flex wp-container-core-buttons-is-layout-a89b3969 wp-block-buttons-is-layout-flex\">\n<div class=\"wp-block-button is-style-outline is-style-outline--3\"><a class=\"wp-block-button__link wp-element-button\" href=\"https:\/\/rp-teollisuuspalvelu.fi\/index.php\/asennus-kunnossapito\/\" style=\"border-style:none;border-width:0px;border-radius:0px\">Asennus &amp; kunnossapito<\/a><\/div>\n<\/div>\n<\/div><\/div>\n\n\n\n<div class=\"wp-block-media-text has-media-on-the-right is-stacked-on-mobile\"><div class=\"wp-block-media-text__content\">\n<div class=\"wp-block-buttons is-content-justification-center is-layout-flex wp-container-core-buttons-is-layout-a89b3969 wp-block-buttons-is-layout-flex\">\n<div class=\"wp-block-button is-style-outline is-style-outline--4\"><a class=\"wp-block-button__link wp-element-button\" href=\"https:\/\/rp-teollisuuspalvelu.fi\/index.php\/tyokaluhionta-ja-teroitus\/\" style=\"border-style:none;border-width:0px;border-radius:0px\">Ty\u00f6kalunhionta &amp; teroitus<\/a><\/div>\n<\/div>\n<\/div><figure class=\"wp-block-media-text__media\"><img loading=\"lazy\" decoding=\"async\" width=\"1024\" height=\"683\" src=\"https:\/\/rp-teollisuuspalvelu.fi\/wp-content\/uploads\/2025\/06\/rp-teollisuuspalvelu_06-1024x683.jpg\" alt=\"\" class=\"wp-image-32 size-full\" srcset=\"https:\/\/rp-teollisuuspalvelu.fi\/wp-content\/uploads\/2025\/06\/rp-teollisuuspalvelu_06-1024x683.jpg 1024w, https:\/\/rp-teollisuuspalvelu.fi\/wp-content\/uploads\/2025\/06\/rp-teollisuuspalvelu_06-300x200.jpg 300w, https:\/\/rp-teollisuuspalvelu.fi\/wp-content\/uploads\/2025\/06\/rp-teollisuuspalvelu_06-768x512.jpg 768w, https:\/\/rp-teollisuuspalvelu.fi\/wp-content\/uploads\/2025\/06\/rp-teollisuuspalvelu_06-1536x1024.jpg 1536w, https:\/\/rp-teollisuuspalvelu.fi\/wp-content\/uploads\/2025\/06\/rp-teollisuuspalvelu_06.jpg 1740w\" sizes=\"auto, (max-width: 1024px) 100vw, 1024px\" \/><\/figure><\/div>\n\n\n\n<div class=\"wp-block-media-text is-stacked-on-mobile\"><figure class=\"wp-block-media-text__media\"><img loading=\"lazy\" decoding=\"async\" width=\"640\" height=\"480\" src=\"https:\/\/rp-teollisuuspalvelu.fi\/wp-content\/uploads\/2025\/06\/kuva-17-2013-Palkane.jpg\" alt=\"\" class=\"wp-image-26 size-full\" srcset=\"https:\/\/rp-teollisuuspalvelu.fi\/wp-content\/uploads\/2025\/06\/kuva-17-2013-Palkane.jpg 640w, https:\/\/rp-teollisuuspalvelu.fi\/wp-content\/uploads\/2025\/06\/kuva-17-2013-Palkane-300x225.jpg 300w\" sizes=\"auto, (max-width: 640px) 100vw, 640px\" \/><\/figure><div class=\"wp-block-media-text__content\">\n<div class=\"wp-block-buttons is-content-justification-center is-layout-flex wp-container-core-buttons-is-layout-a89b3969 wp-block-buttons-is-layout-flex\" style=\"border-style:none;border-width:0px;border-radius:0px\">\n<div class=\"wp-block-button is-style-outline is-style-outline--5\"><a class=\"wp-block-button__link wp-element-button\" href=\"https:\/\/rp-teollisuuspalvelu.fi\/index.php\/81-2\/\" style=\"border-style:none;border-width:0px;border-radius:0px\">RST-putkistoasennukset<\/a><\/div>\n<\/div>\n<\/div><\/div>\n\n\n\n<div class=\"wp-block-media-text has-media-on-the-right is-stacked-on-mobile\"><div class=\"wp-block-media-text__content\">\n<div class=\"wp-block-buttons is-content-justification-center is-layout-flex wp-container-core-buttons-is-layout-a89b3969 wp-block-buttons-is-layout-flex\">\n<div class=\"wp-block-button is-style-outline is-style-outline--6\"><a class=\"wp-block-button__link wp-element-button\" href=\"https:\/\/www.luciadesign.fi\/lasipaviljonki\" style=\"border-style:none;border-width:0px;border-radius:0px\">Lucia lasipaviljonki<\/a><\/div>\n<\/div>\n<\/div><figure class=\"wp-block-media-text__media\"><img loading=\"lazy\" decoding=\"async\" width=\"612\" height=\"414\" src=\"https:\/\/rp-teollisuuspalvelu.fi\/wp-content\/uploads\/2025\/06\/Nayttokuva-2025-6-4-kello-20.42.12.png\" alt=\"\" class=\"wp-image-142 size-full\" srcset=\"https:\/\/rp-teollisuuspalvelu.fi\/wp-content\/uploads\/2025\/06\/Nayttokuva-2025-6-4-kello-20.42.12.png 612w, https:\/\/rp-teollisuuspalvelu.fi\/wp-content\/uploads\/2025\/06\/Nayttokuva-2025-6-4-kello-20.42.12-300x203.png 300w\" sizes=\"auto, (max-width: 612px) 100vw, 612px\" \/><\/figure><\/div>\n","protected":false},"excerpt":{"rendered":"<p>RP-Teollisuuspalvelu Oy on perustettu 2001. Silloin aloitimme muovinrouhinnalla ja kunnossapitokoneistuksilla. Vuodesta 2002 olemme olleet tukena OLVI Oyj:n kunnossapidossa ja asentamassa uusia tuotantolinjoja. Palvelumme on asiakasl\u00e4ht\u00f6ist\u00e4, yritt\u00e4j\u00e4vetoista ja joustavaa. Meilt\u00e4 asiakas saa tarvittaessa kokonaisvaltaisen palvelun tuotantoonsa ja yksitt\u00e4iset palvelut pieniinkin tarpeisiin. Palvelut<\/p>\n","protected":false},"author":1,"featured_media":0,"parent":0,"menu_order":0,"comment_status":"closed","ping_status":"closed","template":"","meta":{"footnotes":""},"class_list":["post-6","page","type-page","status-publish","hentry"],"_links":{"self":[{"href":"https:\/\/rp-teollisuuspalvelu.fi\/index.php\/wp-json\/wp\/v2\/pages\/6","targetHints":{"allow":["GET"]}}],"collection":[{"href":"https:\/\/rp-teollisuuspalvelu.fi\/index.php\/wp-json\/wp\/v2\/pages"}],"about":[{"href":"https:\/\/rp-teollisuuspalvelu.fi\/index.php\/wp-json\/wp\/v2\/types\/page"}],"author":[{"embeddable":true,"href":"https:\/\/rp-teollisuuspalvelu.fi\/index.php\/wp-json\/wp\/v2\/users\/1"}],"replies":[{"embeddable":true,"href":"https:\/\/rp-teollisuuspalvelu.fi\/index.php\/wp-json\/wp\/v2\/comments?post=6"}],"version-history":[{"count":48,"href":"https:\/\/rp-teollisuuspalvelu.fi\/index.php\/wp-json\/wp\/v2\/pages\/6\/revisions"}],"predecessor-version":[{"id":294,"href":"https:\/\/rp-teollisuuspalvelu.fi\/index.php\/wp-json\/wp\/v2\/pages\/6\/revisions\/294"}],"wp:attachment":[{"href":"https:\/\/rp-teollisuuspalvelu.fi\/index.php\/wp-json\/wp\/v2\/media?parent=6"}],"curies":[{"name":"wp","href":"https:\/\/api.w.org\/{rel}","templated":true}]}}